{"id":3,"date":"2026-01-26T23:36:05","date_gmt":"2026-01-26T20:36:05","guid":{"rendered":"https:\/\/sandayachting.com\/?page_id=3"},"modified":"2026-02-02T23:04:23","modified_gmt":"2026-02-02T20:04:23","slug":"privacy-policy","status":"publish","type":"page","link":"https:\/\/sandayachting.com\/tr\/privacy-policy\/","title":{"rendered":"Gizlilik Politikas\u0131"},"content":{"rendered":"<div data-elementor-type=\"wp-page\" data-elementor-id=\"3\" class=\"elementor elementor-3\" data-elementor-post-type=\"page\">\n\t\t\t\t<div class=\"elementor-element elementor-element-3caf2b50 e-flex e-con-boxed e-con e-parent\" data-id=\"3caf2b50\" data-element_type=\"container\" data-e-type=\"container\" data-settings=\"{&quot;jet_parallax_layout_list&quot;:[]}\">\n\t\t\t\t\t<div class=\"e-con-inner\">\n\t\t\t\t<div class=\"elementor-element elementor-element-d432a8e elementor-widget elementor-widget-text-editor\" data-id=\"d432a8e\" data-element_type=\"widget\" data-e-type=\"widget\" data-widget_type=\"text-editor.default\">\n\t\t\t\t\t\t\t\t\t<p>&nbsp;<\/p>\n<p>&nbsp;<\/p>\n<p><style>\n        :root {\n            --primary-purple: #4e435a; \/* Kurumsal koyu mor *\/\n            --accent-green: #89b841;  \/* Kurumsal ye\u015fil *\/\n            --bg-cream: #f9f5e3;      \/* Sayfa arka plan\u0131 *\/\n            --text-gray: #444444;\n            --white: #ffffff;\n        }\n\n        body {\n            font-family: 'Helvetica Neue', Helvetica, Arial, sans-serif;\n            line-height: 1.7;\n            color: var(--text-gray);\n            background-color: var(--bg-cream);\n            margin: 0;\n            padding: 0;\n        }\n\n        .policy-container {\n            max-width: 900px;\n            margin: 40px auto;\n            padding: 50px;\n            box-shadow: 0 4px 20px rgba(0,0,0,0.08);\n            border-radius: 2px;\n        }\n\n        header {\n            text-align: center;\n            margin-bottom: 40px;\n            border-bottom: 1px solid #eee;\n            padding-bottom: 20px;\n        }\n\n        h1 {\n            color: var(--primary-purple);\n            font-size: 2.2rem;\n            margin: 0;            letter-spacing: 1.5px;\n        }\n\n        .last-updated {\n            font-size: 0.9rem;\n            color: var(--accent-green);\n            font-weight: bold;\n            margin-top: 10px;\n        }\n\n        h2 {\n            color: var(--primary-purple);\n            font-size: 1.3rem;\n            margin-top: 35px;\n            border-bottom: 1px solid var(--bg-cream);\n            padding-bottom: 5px;\n        }\n\n        h3 {\n            color: var(--accent-green);\n            font-size: 1.1rem;\n            margin-top: 25px;\n        }\n\n        p, li {\n            margin-bottom: 15px;\n            text-align: justify;\n        }\n\n        ul {\n            padding-left: 20px;\n        }\n\n        .contact-box {\n            background-color: var(--bg-cream);\n            padding: 25px;\n            border-left: 4px solid var(--primary-purple);\n            margin-top: 40px;\n        }\n\n        .contact-box strong {\n            color: var(--primary-purple);\n        }\n\n        @media (max-width: 768px) {\n            .policy-container {\n                margin: 15px;\n                padding: 25px;\n            }\n            h1 { font-size: 1.8rem; }\n        }\n    <\/style><\/p>\n<div class=\"policy-container\"><header>\n<h1>Gizlilik Politikas\u0131<\/h1>\n<div class=\"last-updated\">Sanda Yat\u00e7\u0131l\u0131k | Gizlilik Taahh\u00fcd\u00fc<\/div>\n<\/header>\n<section>\n<h2>1.0 Genel Bak\u0131\u015f<\/h2>\n<p><strong>Sanda Yat\u00e7\u0131l\u0131k<\/strong> Sitemizin (www.sandayachting.com) hem kay\u0131tl\u0131 hem de kay\u0131ts\u0131z kullan\u0131c\u0131lar\u0131n\u0131n gizlili\u011fini korumaya kararl\u0131y\u0131z. Bu belge, hangi bilgileri toplad\u0131\u011f\u0131m\u0131z\u0131, bunlar\u0131n nas\u0131l korundu\u011funu ve verilerinizi nas\u0131l y\u00f6netebilece\u011finizi ayr\u0131nt\u0131l\u0131 olarak a\u00e7\u0131klamaktad\u0131r.<\/p>\n<h2>2.0 Veri Toplama ve Kullan\u0131m\u0131<\/h2>\n<p>Hizmetlerimizi kullanarak bu Gizlilik Politikas\u0131na ba\u011fl\u0131 kalmay\u0131 kabul edersiniz. Ziyaretlerinizden toplanan bilgiler \u015fu ama\u00e7larla kullan\u0131labilir:<\/p>\n<ul>\n<li>Yat kiralama taleplerinizi profesyonel rezervasyon ekibimize iletin.<\/li>\n<li>Abone oldu\u011funuz haber b\u00fcltenlerine ve g\u00fcncellemelere otomatik olarak eri\u015fim sa\u011flay\u0131n.<\/li>\n<li>Yat\u0131n\u0131z ve rota tercihlerinize g\u00f6re ald\u0131\u011f\u0131n\u0131z bilgileri \u00f6zelle\u015ftirin.<\/li>\n<li>Web sitemizin i\u015flevselli\u011fini geli\u015ftirmek ve daha ki\u015fiselle\u015ftirilmi\u015f bir kullan\u0131c\u0131 deneyimi sunmak.<\/li>\n<\/ul>\n<h2>3.0 Kay\u0131tl\u0131 Kullan\u0131c\u0131lar<\/h2>\n<p>Sitemizde ki\u015fisel verilerinizi payla\u015fmadan gezinmek m\u00fcmk\u00fcn olsa da, kay\u0131t olman\u0131z geli\u015fmi\u015f hizmetlerden yararlanman\u0131z\u0131 sa\u011flar. Size \u00f6zel bir deneyim sunmak i\u00e7in verdi\u011finiz bilgileri sakl\u0131yoruz; \u00f6rne\u011fin favori yatlar\u0131n\u0131z\u0131 veya \u00f6nceki aramalar\u0131n\u0131z\u0131 kaydediyoruz.<\/p>\n<h3>3.1 \u0130leti\u015fim<\/h3>\n<p>Kay\u0131tl\u0131 kullan\u0131c\u0131lar ho\u015f geldin e-postalar\u0131 veya hizmetle ilgili duyurular alabilirler. Tercihlerinizi g\u00fcncelleyerek veya ileti\u015fimlerimizde yer alan abonelikten \u00e7\u0131kma ba\u011flant\u0131s\u0131n\u0131 kullanarak promosyon e-postalar\u0131ndan istedi\u011finiz zaman \u00e7\u0131kabilirsiniz.<\/p>\n<h2>4.0 Bilgi Talep Formlar\u0131<\/h2>\n<p>Kay\u0131tl\u0131 olmayan kullan\u0131c\u0131lar i\u00e7in, yat kiralama hakk\u0131nda bilgi almak amac\u0131yla verilen t\u00fcm veriler (ad, e-posta ve telefon gibi) yaln\u0131zca Sanda Yachting&#39;in kullan\u0131m\u0131 i\u00e7in saklan\u0131r. Ki\u015fisel verilerinizi \u00fc\u00e7\u00fcnc\u00fc taraf pazarlama firmalar\u0131na satm\u0131yor veya aktarm\u0131yoruz.<\/p>\n<h2>5.0 G\u00fcvenlik<\/h2>\n<p>Sanda Yachting, m\u00fc\u015fterilerimizle ilgili t\u00fcm bilgilerin g\u00fcvenli\u011fine b\u00fcy\u00fck \u00f6nem vermektedir. Bu ama\u00e7la \u00e7e\u015fitli y\u00f6ntemler kullan\u0131yoruz. <strong>G\u00fcvenli Sunucu Yaz\u0131l\u0131m\u0131 (SSL)<\/strong> Bize g\u00f6nderilmeden \u00f6nce girdi\u011finiz bilgileri \u015fifreliyoruz. Ki\u015fisel olarak tan\u0131mlanabilir bilgilere eri\u015fim, belirli g\u00f6revleri yerine getirmek i\u00e7in verilere ihtiya\u00e7 duyan yetkili \u00e7al\u0131\u015fanlarla (\u00f6rne\u011fin, rezervasyon acenteleri) s\u0131n\u0131rl\u0131d\u0131r.<\/p>\n<h2>6.0 \u00c7erezler ve IP Adresleri<\/h2>\n<p>Web sitemizi y\u00f6netmemize yard\u0131mc\u0131 olmak i\u00e7in IP adresinizi otomatik olarak kaydedebiliriz. Ayr\u0131ca, varsay\u0131lan para birimi veya \u00f6l\u00e7\u00fc birimleri (metre\/ayak) gibi tercihlerinizi hat\u0131rlamak i\u00e7in sabit diskinizde saklanan k\u00fc\u00e7\u00fck bilgi par\u00e7alar\u0131 olan \u00e7erezleri kullan\u0131yoruz. Taray\u0131c\u0131 ayarlar\u0131n\u0131z\u0131 \u00e7erezleri reddedecek \u015fekilde ayarlayabilirsiniz, ancak bu baz\u0131 site \u00f6zelliklerini s\u0131n\u0131rlayabilir.<\/p>\n<h2>7.0 Payla\u015f\u0131lan Bilgiler<\/h2>\n<p>Sanda Yachting, ki\u015fisel bilgilerinizi \u00fc\u00e7\u00fcnc\u00fc taraflarla payla\u015fmayacak veya kiralamayacakt\u0131r. Toplu istatistikleri (\u00f6rne\u011fin trafik ak\u0131\u015f\u0131) sayg\u0131n ortaklarla payla\u015fabiliriz, ancak bu istatistikler asla ki\u015fisel olarak tan\u0131mlay\u0131c\u0131 bilgiler i\u00e7ermeyecektir.<\/p>\n<h2>8.0 Harici Ba\u011flant\u0131lar<\/h2>\n<p>Bu web sitesi di\u011fer sitelere ba\u011flant\u0131lar i\u00e7ermektedir. Sanda Yachting&#39;in harici web sitelerinin gizlilik uygulamalar\u0131ndan sorumlu olmad\u0131\u011f\u0131n\u0131 l\u00fctfen unutmay\u0131n. Ki\u015fisel olarak tan\u0131mlanabilir bilgileri toplayan her sitenin gizlilik bildirimlerini okuman\u0131z\u0131 \u00f6neririz.<\/p>\n<div class=\"contact-box\">\n<h2>Bize Ula\u015f\u0131n<\/h2>\n<p>Bu Gizlilik Politikas\u0131 ile ilgili herhangi bir sorunuz veya merak etti\u011finiz bir konu varsa, l\u00fctfen bizimle ileti\u015fime ge\u00e7in:<\/p>\n<strong>Sanda Yat\u00e7\u0131l\u0131k<\/strong><br \/>41. Cadde No:1, Tepe B\u00f6lgesi<br \/>48700 Marmaris, Mu\u011fla, T\u00fcrkiye<br \/>E-posta: <a style=\"color: var(--primary-purple);\" href=\"mailto:info@sandayachting.com\">info@sandayachting.com<\/a><\/div>\n<\/section>\n<\/div>\t\t\t\t\t\t\t\t<\/div>\n\t\t\t\t\t<\/div>\n\t\t\t\t<\/div>\n\t\t\t\t<\/div>","protected":false},"excerpt":{"rendered":"<p>&nbsp; &nbsp; Privacy Policy Sanda Yachting | Privacy Commitment 1.0 Overview Sanda Yachting is committed to protecting the privacy of both registered and non-registered Users of our Site (www.sandayachting.com). This document details what information we collect, how it is protected, and how you can manage your data. 2.0 Data Collection and Usage By using our [&hellip;]<\/p>","protected":false},"author":1,"featured_media":0,"parent":0,"menu_order":0,"comment_status":"closed","ping_status":"open","template":"","meta":{"_jf_save_progress":"","_jf_schedule_form":"","_jf_limit_responses":"","footnotes":""},"class_list":["post-3","page","type-page","status-publish","hentry"],"_hostinger_reach_plugin_has_subscription_block":false,"_hostinger_reach_plugin_is_elementor":false,"_links":{"self":[{"href":"https:\/\/sandayachting.com\/tr\/wp-json\/wp\/v2\/pages\/3","targetHints":{"allow":["GET"]}}],"collection":[{"href":"https:\/\/sandayachting.com\/tr\/wp-json\/wp\/v2\/pages"}],"about":[{"href":"https:\/\/sandayachting.com\/tr\/wp-json\/wp\/v2\/types\/page"}],"author":[{"embeddable":true,"href":"https:\/\/sandayachting.com\/tr\/wp-json\/wp\/v2\/users\/1"}],"replies":[{"embeddable":true,"href":"https:\/\/sandayachting.com\/tr\/wp-json\/wp\/v2\/comments?post=3"}],"version-history":[{"count":0,"href":"https:\/\/sandayachting.com\/tr\/wp-json\/wp\/v2\/pages\/3\/revisions"}],"wp:attachment":[{"href":"https:\/\/sandayachting.com\/tr\/wp-json\/wp\/v2\/media?parent=3"}],"curies":[{"name":"wp","href":"https:\/\/api.w.org\/{rel}","templated":true}]}}