{"id":47,"date":"2026-01-26T23:20:35","date_gmt":"2026-01-26T20:20:35","guid":{"rendered":"https:\/\/sandayachting.com\/?page_id=47"},"modified":"2026-02-04T16:20:57","modified_gmt":"2026-02-04T13:20:57","slug":"how-to-book","status":"publish","type":"page","link":"https:\/\/sandayachting.com\/tr\/how-to-book\/","title":{"rendered":"Rezervasyon"},"content":{"rendered":"<div data-elementor-type=\"wp-page\" data-elementor-id=\"47\" class=\"elementor elementor-47\" data-elementor-post-type=\"page\">\n\t\t\t\t<div class=\"elementor-element elementor-element-d8bdd06 e-flex e-con-boxed e-con e-parent\" data-id=\"d8bdd06\" data-element_type=\"container\" data-e-type=\"container\" data-settings=\"{&quot;jet_parallax_layout_list&quot;:[]}\">\n\t\t\t\t\t<div class=\"e-con-inner\">\n\t\t\t\t<div class=\"elementor-element elementor-element-d9cf19c elementor-widget elementor-widget-html\" data-id=\"d9cf19c\" data-element_type=\"widget\" data-e-type=\"widget\" data-widget_type=\"html.default\">\n\t\t\t\t\t<!DOCTYPE html>\r\n<html lang=\"en\">\r\n<head>\r\n    <meta charset=\"UTF-8\">\r\n    <meta name=\"viewport\" content=\"width=device-width, initial-scale=1.0\">\r\n    <title>How to Book | Sanda Yachting<\/title>\r\n    <style>\r\n        :root {\r\n            --primary-purple: #4e435a;\r\n            --accent-green: #89b841;\r\n            --bg-cream: #f9f5e3;\r\n            --light-text: #ffffff;\r\n            --dark-text: #333333;\r\n        }\r\n\r\n        body {\r\n            font-family: 'Helvetica Neue', Helvetica, Arial, sans-serif;\r\n            margin: 0;\r\n            padding: 0;\r\n            background-color: var(--bg-cream);\r\n            color: var(--dark-text);\r\n        }\r\n\r\n        .container {\r\n            max-width: 1100px;\r\n            margin: 0 auto;\r\n            padding: 40px 20px;\r\n        }\r\n\r\n        header {\r\n            text-align: center;\r\n            padding-bottom: 50px;\r\n        }\r\n\r\n        .process-title {\r\n            color: var(--primary-purple);\r\n            font-size: 2.5rem;\r\n            margin-bottom: 10px;\r\n            text-transform: uppercase;\r\n        }\r\n\r\n        .license-badge {\r\n            display: inline-block;\r\n            background: var(--accent-green);\r\n            color: white;\r\n            padding: 5px 15px;\r\n            border-radius: 50px;\r\n            font-size: 0.85rem;\r\n            font-weight: bold;\r\n            margin-bottom: 20px;\r\n        }\r\n\r\n        .booking-steps {\r\n            display: grid;\r\n            grid-template-columns: repeat(auto-fit, minmax(300px, 1fr));\r\n            gap: 25px;\r\n            margin-bottom: 60px;\r\n        }\r\n\r\n        .step-card {\r\n            background-color: var(--primary-purple);\r\n            color: var(--light-text);\r\n            padding: 35px;\r\n            border-radius: 8px;\r\n            box-shadow: 0 4px 15px rgba(0,0,0,0.1);\r\n            position: relative;\r\n        }\r\n\r\n        .step-number {\r\n            font-size: 3rem;\r\n            font-weight: 800;\r\n            color: rgba(255,255,255,0.1);\r\n            position: absolute;\r\n            top: 10px;\r\n            right: 20px;\r\n        }\r\n\r\n        .step-card h2 {\r\n            font-size: 1.4rem;\r\n            color: var(--accent-green);\r\n            margin-top: 0;\r\n        }\r\n\r\n        .highlight-text {\r\n            color: var(--accent-green);\r\n            font-weight: bold;\r\n        }\r\n\r\n        .faq-section {\r\n            background: white;\r\n            padding: 50px;\r\n            border-radius: 8px;\r\n            box-shadow: 0 2px 10px rgba(0,0,0,0.05);\r\n        }\r\n\r\n        .faq-section h3 {\r\n            color: var(--primary-purple);\r\n            font-size: 2rem;\r\n            margin-bottom: 30px;\r\n            border-bottom: 2px solid var(--bg-cream);\r\n            padding-bottom: 10px;\r\n        }\r\n\r\n        .faq-item {\r\n            margin-bottom: 25px;\r\n        }\r\n\r\n        .faq-item strong {\r\n            display: block;\r\n            color: var(--primary-purple);\r\n            margin-bottom: 5px;\r\n            font-size: 1.1rem;\r\n        }\r\n\r\n        .cta-container {\r\n            text-align: center;\r\n            margin-top: 50px;\r\n        }\r\n\r\n        .btn-green {\r\n            background-color: var(--accent-green);\r\n            color: white;\r\n            padding: 18px 50px;\r\n            text-decoration: none;\r\n            font-weight: bold;\r\n            border-radius: 50px;\r\n            font-size: 1.2rem;\r\n            transition: 0.3s;\r\n            display: inline-block;\r\n        }\r\n\r\n        .btn-green:hover {\r\n            transform: scale(1.05);\r\n            box-shadow: 0 5px 15px rgba(137, 184, 65, 0.4);\r\n        }\r\n\r\n        @media (max-width: 768px) {\r\n            .booking-steps { grid-template-columns: 1fr; }\r\n        }\r\n    <\/style>\r\n<\/head>\r\n<body>\r\n\r\n<div class=\"container\">\r\n    <header>\r\n        <div class=\"license-badge\">RESM\u0130 TUR OPERAT\u00d6R\u00dc VE GEM\u0130 ACENTES\u0130<\/div>\r\n        <h1 class=\"process-title\">Mavi Yolculuk Rezervasyonu<\/h1>\r\n        <p style=\"max-width: 750px; margin: 0 auto; line-height: 1.8;\">T\u00fcrkiye&#39;nin \u00f6nde gelen denizcilik uzmanlar\u0131yla \u00f6zel yat kiralama rezervasyonunuzu g\u00fcvence alt\u0131na al\u0131n. 1994 y\u0131l\u0131ndan beri faaliyet g\u00f6steren Sanda Yachting, \u015feffaf ve yasal olarak korunan bir rezervasyon s\u00fcreci sunmaktad\u0131r.<\/p>\r\n    <\/header>\r\n\r\n    <div class=\"booking-steps\">\r\n        <div class=\"step-card\">\r\n            <span class=\"step-number\">01<\/span>\r\n            <h2>Yat\u0131n\u0131z\u0131 Se\u00e7in<\/h2>\r\n            <p>\u00dcst\u00fcn \u00f6zelliklere sahip ara\u00e7 filomuzdan se\u00e7im yap\u0131n. <span class=\"highlight-text\">6 \u00f6zel gulet<\/span>Her bir gemi titizlikle bak\u0131ml\u0131 olup y\u00fcksek performans \u00f6zelliklerine sahiptir. <strong>Doosan motorlar\u0131<\/strong> sorunsuz bir yolculuk i\u00e7in.<\/p>\r\n        <\/div>\r\n\r\n        <div class=\"step-card\">\r\n            <span class=\"step-number\">02<\/span>\r\n            <h2>Onayla ve Yat\u0131r<\/h2>\r\n            <p>Seyahat plan\u0131n\u0131z kesinle\u015ftikten sonra, tarihlerinizi bir \u015firketle kesinle\u015ftirin. <span class=\"highlight-text\">50% depozitosu<\/span>Lisansl\u0131 olarak <strong>A S\u0131n\u0131f\u0131 Seyahat Acentesi<\/strong>\u00d6demeniz ve rezervasyonunuz T\u00fcrk yasalar\u0131 kapsam\u0131nda tamamen g\u00fcvence alt\u0131ndad\u0131r.<\/p>\r\n        <\/div>\r\n\r\n        <div class=\"step-card\">\r\n            <span class=\"step-number\">03<\/span>\r\n            <h2>\u0130\u00e7 Huzuru<\/h2>\r\n            <p>G\u00fcvenle plan yap\u0131n. Size \u015funlar\u0131 sunuyoruz: <span class=\"highlight-text\">7 g\u00fcnl\u00fck esnek iptal politikas\u0131<\/span>Yolculu\u011funuz, sizi gemiye davet etmeye haz\u0131r profesyonel m\u00fcrettebat\u0131m\u0131zla birlikte marinada ba\u015fl\u0131yor.<\/p>\r\n        <\/div>\r\n    <\/div>\r\n\r\n    <div class=\"faq-section\">\r\n        <h3>Rezervasyon ve Politika SSS<\/h3>\r\n        \r\n        <div class=\"faq-item\">\r\n            <strong>\u00d6deme ko\u015fullar\u0131 nelerdir?<\/strong>\r\n            <p>Rezervasyonunuzu onaylamak i\u00e7in 50% tutar\u0131nda bir depozito talep ediyoruz. Kalan bakiye, mevsime ba\u011fl\u0131 olarak genellikle var\u0131\u015fta veya kiralama tarihinden 4 hafta \u00f6nce \u00f6denir.<\/p>\r\n        <\/div>\r\n\r\n        <div class=\"faq-item\">\r\n            <strong>\u0130ptal politikan\u0131z nedir?<\/strong>\r\n            <p>Seyahatinizden 7 g\u00fcn \u00f6ncesine kadar esnek bir iptal s\u00fcresi sunuyoruz. Yo\u011fun sezon rezervasyonlar\u0131yla ilgili \u00f6zel ko\u015fullar i\u00e7in l\u00fctfen ofisimizle ileti\u015fime ge\u00e7in.<\/p>\r\n        <\/div>\r\n\r\n        <div class=\"faq-item\">\r\n            <strong>Gemide jenerat\u00f6r ve Wi-Fi var m\u0131?<\/strong>\r\n            <p>Evet. T\u00fcm yatlar\u0131m\u0131z g\u00fc\u00e7l\u00fc motorlarla donat\u0131lm\u0131\u015ft\u0131r. <strong>27 kW Cummins jenerat\u00f6rleri<\/strong> Cihazlar\u0131n\u0131z ve kliman\u0131z i\u00e7in 220V g\u00fc\u00e7 kayna\u011f\u0131 ve ara\u00e7 i\u00e7i Wi-Fi hizmetleri sa\u011flan\u0131r.<\/p>\r\n        <\/div>\r\n\r\n        <div class=\"faq-item\">\r\n            <strong>Sanda Yachting lisansl\u0131 bir acente mi?<\/strong>\r\n            <p>Kesinlikle. Biz kay\u0131tl\u0131 bir \u015firketiz. <strong>A S\u0131n\u0131f\u0131 Seyahat Acentesi (No: 9410)<\/strong> ve sertifikal\u0131 <strong>Gemi Acentesi (No: 1293)<\/strong> Ula\u015ft\u0131rma ve Altyap\u0131 Bakanl\u0131\u011f\u0131 b\u00fcnyesinde.<\/p>\r\n        <\/div>\r\n    <\/div>\r\n\r\n    <div class=\"cta-container\">\r\n        <a href=\"https:\/\/sandayachting.com\/tr\/contact\/\" class=\"btn-green\">Size \u00d6zel Fiyat Teklifinizi Al\u0131n<\/a>\r\n        <p style=\"margin-top: 15px; font-size: 0.9rem; color: #666;\">T\u00dcRSAB ve TYBA&#39;n\u0131n Resmi \u00dcyesi<\/p>\r\n    <\/div>\r\n<\/div>\r\n\r\n<\/body>\r\n<\/html>\t\t\t\t<\/div>\n\t\t\t\t\t<\/div>\n\t\t\t\t<\/div>\n\t\t\t\t<\/div>","protected":false},"excerpt":{"rendered":"<p>How to Book | Sanda Yachting OFFICIAL TOUR OPERATOR &#038; SHIP AGENT Booking Your Blue Cruise Secure your private yacht charter with Turkey\u2019s leading maritime experts. Operating since 1994, Sanda Yachting ensures a transparent and legally protected booking process. 01 Select Your Yacht Choose from our premium fleet of 6 private gulets. Each vessel is [&hellip;]<\/p>","protected":false},"author":1,"featured_media":0,"parent":0,"menu_order":0,"comment_status":"closed","ping_status":"closed","template":"","meta":{"_jf_save_progress":"","_jf_schedule_form":"","_jf_limit_responses":"","footnotes":""},"class_list":["post-47","page","type-page","status-publish","hentry"],"_hostinger_reach_plugin_has_subscription_block":false,"_hostinger_reach_plugin_is_elementor":false,"_links":{"self":[{"href":"https:\/\/sandayachting.com\/tr\/wp-json\/wp\/v2\/pages\/47","targetHints":{"allow":["GET"]}}],"collection":[{"href":"https:\/\/sandayachting.com\/tr\/wp-json\/wp\/v2\/pages"}],"about":[{"href":"https:\/\/sandayachting.com\/tr\/wp-json\/wp\/v2\/types\/page"}],"author":[{"embeddable":true,"href":"https:\/\/sandayachting.com\/tr\/wp-json\/wp\/v2\/users\/1"}],"replies":[{"embeddable":true,"href":"https:\/\/sandayachting.com\/tr\/wp-json\/wp\/v2\/comments?post=47"}],"version-history":[{"count":0,"href":"https:\/\/sandayachting.com\/tr\/wp-json\/wp\/v2\/pages\/47\/revisions"}],"wp:attachment":[{"href":"https:\/\/sandayachting.com\/tr\/wp-json\/wp\/v2\/media?parent=47"}],"curies":[{"name":"wp","href":"https:\/\/api.w.org\/{rel}","templated":true}]}}