{"id":71,"date":"2026-01-26T23:23:04","date_gmt":"2026-01-26T20:23:04","guid":{"rendered":"https:\/\/sandayachting.com\/?page_id=71"},"modified":"2026-02-04T16:12:31","modified_gmt":"2026-02-04T13:12:31","slug":"services","status":"publish","type":"page","link":"https:\/\/sandayachting.com\/tr\/services\/","title":{"rendered":"Hizmetler"},"content":{"rendered":"<div data-elementor-type=\"wp-page\" data-elementor-id=\"71\" class=\"elementor elementor-71\" data-elementor-post-type=\"page\">\n\t\t\t\t<div class=\"elementor-element elementor-element-85daac2 e-flex e-con-boxed e-con e-parent\" data-id=\"85daac2\" data-element_type=\"container\" data-e-type=\"container\" data-settings=\"{&quot;jet_parallax_layout_list&quot;:[]}\">\n\t\t\t\t\t<div class=\"e-con-inner\">\n\t\t\t\t<div class=\"elementor-element elementor-element-70e5eeb elementor-widget elementor-widget-html\" data-id=\"70e5eeb\" data-element_type=\"widget\" data-e-type=\"widget\" data-widget_type=\"html.default\">\n\t\t\t\t\t<!DOCTYPE html>\r\n<html lang=\"en\">\r\n<head>\r\n    <meta charset=\"UTF-8\">\r\n    <meta name=\"viewport\" content=\"width=device-width, initial-scale=1.0\">\r\n    <title>Private Charter Services | Sanda Yachting<\/title>\r\n    <style>\r\n        :root {\r\n            --primary-purple: #4e435a;\r\n            --accent-green: #89b841;\r\n            --bg-cream: #f9f5e3;\r\n            --white: #ffffff;\r\n            --text-dark: #333333;\r\n        }\r\n\r\n        body {\r\n            font-family: 'Segoe UI', Tahoma, Geneva, Verdana, sans-serif;\r\n            background-color: var(--bg-cream);\r\n            color: var(--text-dark);\r\n            margin: 0;\r\n            line-height: 1.7;\r\n        }\r\n\r\n        .hero-banner {\r\n            background-color: var(--primary-purple);\r\n            color: white;\r\n            padding: 80px 20px;\r\n            text-align: center;\r\n        }\r\n\r\n        .hero-banner h1 {\r\n            font-size: 2.5rem;\r\n            margin: 0;\r\n            letter-spacing: 1px;\r\n            text-transform: uppercase;\r\n        }\r\n\r\n        .badge-accredited {\r\n            background: var(--accent-green);\r\n            color: white;\r\n            padding: 5px 15px;\r\n            border-radius: 50px;\r\n            font-size: 0.8rem;\r\n            font-weight: bold;\r\n            display: inline-block;\r\n            margin-bottom: 15px;\r\n        }\r\n\r\n        .container {\r\n            max-width: 1100px;\r\n            margin: -40px auto 60px;\r\n            padding: 0 20px;\r\n        }\r\n\r\n        .services-grid {\r\n            display: grid;\r\n            grid-template-columns: repeat(auto-fit, minmax(320px, 1fr));\r\n            gap: 25px;\r\n        }\r\n\r\n        .service-card {\r\n            background: var(--white);\r\n            padding: 40px 30px;\r\n            border-radius: 8px;\r\n            box-shadow: 0 4px 15px rgba(0,0,0,0.05);\r\n            border-top: 5px solid var(--accent-green);\r\n            transition: transform 0.3s ease;\r\n            display: flex;\r\n            flex-direction: column;\r\n        }\r\n\r\n        .service-card:hover {\r\n            transform: translateY(-5px);\r\n        }\r\n\r\n        .service-card h3 {\r\n            color: var(--primary-purple);\r\n            font-size: 1.4rem;\r\n            margin-top: 0;\r\n            border-bottom: 1px solid #eee;\r\n            padding-bottom: 15px;\r\n        }\r\n\r\n        .icon-label {\r\n            display: inline-block;\r\n            color: var(--accent-green);\r\n            font-size: 0.75rem;\r\n            font-weight: bold;\r\n            margin-bottom: 10px;\r\n            letter-spacing: 1.5px;\r\n        }\r\n\r\n        .highlight-text {\r\n            color: var(--primary-purple);\r\n            font-weight: 600;\r\n        }\r\n\r\n        .cta-footer {\r\n            text-align: center;\r\n            margin-top: 60px;\r\n            padding: 50px;\r\n            background: var(--white);\r\n            border-radius: 8px;\r\n            border: 1px solid #ddd;\r\n        }\r\n\r\n        .btn-purple {\r\n            background-color: var(--primary-purple);\r\n            color: white;\r\n            padding: 18px 45px;\r\n            text-decoration: none;\r\n            font-weight: bold;\r\n            display: inline-block;\r\n            border-radius: 50px;\r\n            transition: 0.3s;\r\n        }\r\n\r\n        .btn-purple:hover {\r\n            background-color: var(--accent-green);\r\n        }\r\n\r\n        @media (max-width: 768px) {\r\n            .hero-banner h1 { font-size: 1.8rem; }\r\n        }\r\n    <\/style>\r\n<\/head>\r\n<body>\r\n\r\n<div class=\"hero-banner\">\r\n    <div class=\"badge-accredited\">A SINIFI L\u0130SANSLI SEYAHAT ACENTES\u0130<\/div>\r\n    <h1>Kiralama Hizmetleri ve Konaklama<\/h1>\r\n    <p>Turkuaz Sahili&#39;nde 30 Y\u0131ll\u0131k Denizcilik M\u00fckemmelli\u011fi<\/p>\r\n<\/div>\r\n\r\n<div class=\"container\">\r\n    <div class=\"services-grid\">\r\n        \r\n        <div class=\"service-card\">\r\n            <span class=\"icon-label\">UZMAN NAV\u0130GASYON<\/span>\r\n            <h3>Ki\u015fiye \u00d6zel Seyahat Programlar\u0131<\/h3>\r\n            <p>Tecr\u00fcbeli kaptan\u0131m\u0131z, yolculu\u011funuzu en tenha koylardan ge\u00e7irerek size rehberlik edecek. <strong>Marmaris, G\u00f6cek ve Fethiye<\/strong>Lisansl\u0131 bir operat\u00f6r olarak, her kilometrenin g\u00fcvenlik ve yasal uyumluluk g\u00f6z \u00f6n\u00fcnde bulundurularak planlanmas\u0131n\u0131 sa\u011fl\u0131yoruz.<\/p>\r\n        <\/div>\r\n\r\n        <div class=\"service-card\">\r\n            <span class=\"icon-label\">GASTRONOM\u0130<\/span>\r\n            <h3>Gemide Gurme Yemek Servisi<\/h3>\r\n            <p>Yat\u0131m\u0131zda \u015funlar bulunmaktad\u0131r: <span class=\"highlight-text\">tam donan\u0131ml\u0131 mutfak<\/span> Barbek\u00fc, f\u0131r\u0131n, buzdolab\u0131, derin dondurucu ve buz makinesi ile donat\u0131lm\u0131\u015ft\u0131r. Ekibimiz, beslenme ihtiya\u00e7lar\u0131n\u0131za ve tercihlerinize uygun taze Akdeniz yemekleri haz\u0131rlamaktad\u0131r.<\/p>\r\n        <\/div>\r\n\r\n        <div class=\"service-card\">\r\n            <span class=\"icon-label\">TAM LOJ\u0130ST\u0130K<\/span>\r\n            <h3>VIP Kara ve Deniz Deste\u011fi<\/h3>\r\n            <p>\u00d6zelden <strong>havaalan\u0131 transferleri<\/strong> L\u00fcks villa konaklamalar\u0131ndan, A S\u0131n\u0131f\u0131 Acente stat\u00fcm\u00fcz sayesinde, seyahatiniz \u00f6ncesinde ve sonras\u0131nda t\u00fcm seyahat lojisti\u011finizi sorunsuz bir \u015fekilde y\u00f6netebiliyoruz.<\/p>\r\n        <\/div>\r\n\r\n        <div class=\"service-card\">\r\n            <span class=\"icon-label\">KONFOR VE G\u00dc\u00c7<\/span>\r\n            <h3>Birinci S\u0131n\u0131f Gemi \u0130\u00e7i Olanaklar<\/h3>\r\n            <p>\u00dcr\u00fcnlerimizle kesintisiz g\u00fcc\u00fcn keyfini \u00e7\u0131kar\u0131n. <span class=\"highlight-text\">27 kW Cummins jenerat\u00f6rleri<\/span>Gemideki Wi-Fi ba\u011flant\u0131s\u0131yla internete ba\u011flan\u0131n ve her misafir i\u00e7in sa\u011flanan temiz havlularla donat\u0131lm\u0131\u015f geni\u015f \u015fezlonglar\u0131m\u0131zda rahatlay\u0131n.<\/p>\r\n        <\/div>\r\n\r\n        <div class=\"service-card\">\r\n            <span class=\"icon-label\">BO\u015e ZAMAN AKT\u0130V\u0130TELER\u0130<\/span>\r\n            <h3>Su Sporlar\u0131 ve Ke\u015fif<\/h3>\r\n            <p>Her kiralama s\u00f6zle\u015fmesi y\u00fcksek kaliteyi i\u00e7erir. <strong>\u015fnorkelli y\u00fczme ekipmanlar\u0131, bal\u0131k\u00e7\u0131l\u0131k malzemeleri ve bir deniz kanosu<\/strong>Gemideki t\u00fcm e\u011flence ekipmanlar\u0131m\u0131z sayesinde kristal berrakl\u0131\u011f\u0131ndaki sular\u0131 kendi h\u0131z\u0131n\u0131zda ke\u015ffedin.<\/p>\r\n        <\/div>\r\n\r\n        <div class=\"service-card\">\r\n            <span class=\"icon-label\">G\u00dcVEN\u0130L\u0130R ORTAK<\/span>\r\n            <h3>Resmi Yasal Uyumluluk<\/h3>\r\n            <p>1994&#39;ten beri faaliyet g\u00f6steriyoruz ve gururla \u00fcyesiyiz. <span class=\"highlight-text\">T\u00dcRSAB, TYBA ve Gemi \u0130n\u015fa Odas\u0131<\/span>G\u00fcvenli\u011finiz ve t\u00fcketici haklar\u0131n\u0131z, 30 y\u0131ll\u0131k kurumsal d\u00fcr\u00fcstl\u00fck gelene\u011fiyle korunmaktad\u0131r.<\/p>\r\n        <\/div>\r\n\r\n    <\/div>\r\n\r\n    <div class=\"cta-footer\">\r\n        <h2>\u00d6zel seyahatinizi planlamaya ba\u015flay\u0131n.<\/h2>\r\n        <p>50% tutar\u0131ndaki depozito ile hayalinizdeki tatili bug\u00fcn g\u00fcvence alt\u0131na alabilirsiniz. 7 g\u00fcnl\u00fck esnek iptal politikas\u0131 ge\u00e7erlidir.<\/p>\r\n        <br>\r\n        <a href=\"https:\/\/sandayachting.com\/tr\/contact\/\" class=\"btn-purple\">\u015eimdi bilgi al\u0131n<\/a>\r\n    <\/div>\r\n<\/div>\r\n\r\n<\/body>\r\n<\/html>\t\t\t\t<\/div>\n\t\t\t\t\t<\/div>\n\t\t\t\t<\/div>\n\t\t\t\t<\/div>","protected":false},"excerpt":{"rendered":"<p>Private Charter Services | Sanda Yachting LICENSED A-CLASS TRAVEL AGENCY Charter Services &#038; Hospitality 30 Years of Maritime Excellence on the Turquoise Coast EXPERT NAVIGATION Bespoke Itineraries Our experienced captain leads your voyage through the most secluded bays of Marmaris, G\u00f6cek, and Fethiye. As a licensed operator, we ensure every mile is planned with safety [&hellip;]<\/p>","protected":false},"author":1,"featured_media":0,"parent":0,"menu_order":0,"comment_status":"closed","ping_status":"closed","template":"","meta":{"_jf_save_progress":"","_jf_schedule_form":"","_jf_limit_responses":"","footnotes":""},"class_list":["post-71","page","type-page","status-publish","hentry"],"_hostinger_reach_plugin_has_subscription_block":false,"_hostinger_reach_plugin_is_elementor":false,"_links":{"self":[{"href":"https:\/\/sandayachting.com\/tr\/wp-json\/wp\/v2\/pages\/71","targetHints":{"allow":["GET"]}}],"collection":[{"href":"https:\/\/sandayachting.com\/tr\/wp-json\/wp\/v2\/pages"}],"about":[{"href":"https:\/\/sandayachting.com\/tr\/wp-json\/wp\/v2\/types\/page"}],"author":[{"embeddable":true,"href":"https:\/\/sandayachting.com\/tr\/wp-json\/wp\/v2\/users\/1"}],"replies":[{"embeddable":true,"href":"https:\/\/sandayachting.com\/tr\/wp-json\/wp\/v2\/comments?post=71"}],"version-history":[{"count":0,"href":"https:\/\/sandayachting.com\/tr\/wp-json\/wp\/v2\/pages\/71\/revisions"}],"wp:attachment":[{"href":"https:\/\/sandayachting.com\/tr\/wp-json\/wp\/v2\/media?parent=71"}],"curies":[{"name":"wp","href":"https:\/\/api.w.org\/{rel}","templated":true}]}}