{"id":79,"date":"2026-01-26T23:23:44","date_gmt":"2026-01-26T20:23:44","guid":{"rendered":"https:\/\/sandayachting.com\/?page_id=79"},"modified":"2026-02-04T16:17:37","modified_gmt":"2026-02-04T13:17:37","slug":"life-on-board","status":"publish","type":"page","link":"https:\/\/sandayachting.com\/tr\/life-on-board\/","title":{"rendered":"Gemideki Ya\u015fam"},"content":{"rendered":"<div data-elementor-type=\"wp-page\" data-elementor-id=\"79\" class=\"elementor elementor-79\" data-elementor-post-type=\"page\">\n\t\t\t\t<div class=\"elementor-element elementor-element-f55d45e e-flex e-con-boxed e-con e-parent\" data-id=\"f55d45e\" data-element_type=\"container\" data-e-type=\"container\" data-settings=\"{&quot;jet_parallax_layout_list&quot;:[]}\">\n\t\t\t\t\t<div class=\"e-con-inner\">\n\t\t\t\t<div class=\"elementor-element elementor-element-1423218 elementor-widget elementor-widget-html\" data-id=\"1423218\" data-element_type=\"widget\" data-e-type=\"widget\" data-widget_type=\"html.default\">\n\t\t\t\t\t<!DOCTYPE html>\r\n<html lang=\"en\">\r\n<head>\r\n    <meta charset=\"UTF-8\">\r\n    <meta name=\"viewport\" content=\"width=device-width, initial-scale=1.0\">\r\n    <title>Blue Cruise Turkey: The Ultimate Guide | Sanda Yachting Blog<\/title>\r\n    <style>\r\n        :root {\r\n            --primary-green: #89b841;\r\n            --dark-blue: #1a2b3c;\r\n            --bg-cream: #f9f5e3;\r\n            --text-gray: #4a4a4a;\r\n            --accent-purple: #4e435a; \/* Marka renginizle uyumlu hale getirildi *\/\r\n        }\r\n        \r\n        body {\r\n            font-family: 'Segoe UI', Tahoma, Geneva, Verdana, sans-serif;\r\n            line-height: 1.8;\r\n            color: var(--text-gray);\r\n            margin: 0;\r\n            padding: 0;\r\n        }\r\n\r\n        .container {\r\n            max-width: 900px;\r\n            margin: 0 auto;\r\n            padding: 40px 20px;\r\n        }\r\n\r\n        header {\r\n            text-align: center;\r\n            padding-bottom: 40px;\r\n            border-bottom: 2px solid var(--primary-green);\r\n        }\r\n\r\n        h1 {\r\n            color: var(--dark-blue);\r\n            font-size: 2.5rem;\r\n            margin-bottom: 10px;\r\n            line-height: 1.2;\r\n        }\r\n\r\n        .subtitle {\r\n            font-style: italic;\r\n            color: var(--primary-green);\r\n            font-size: 1.2rem;\r\n            font-weight: 600;\r\n        }\r\n\r\n        h2 {\r\n            color: var(--accent-purple);\r\n            border-left: 5px solid var(--primary-green);\r\n            padding-left: 15px;\r\n            margin-top: 45px;\r\n            font-size: 1.8rem;\r\n        }\r\n\r\n        h3 {\r\n            color: var(--white);\r\n            margin-top: 30px;\r\n        }\r\n\r\n        p {\r\n            margin-bottom: 20px;\r\n            text-align: justify;\r\n        }\r\n\r\n        .highlight-box {\r\n            background-color: #f0f7e6;\r\n            border-radius: 10px;\r\n            padding: 25px;\r\n            margin: 30px 0;\r\n            border-left: 5px solid var(--primary-green);\r\n        }\r\n\r\n        .seo-keywords {\r\n            display: flex;\r\n            flex-wrap: wrap;\r\n            gap: 10px;\r\n            margin-top: 20px;\r\n            font-size: 0.8rem;\r\n            color: #888;\r\n        }\r\n\r\n        .footer-cta {\r\n            text-align: center;\r\n            background: var(--accent-purple);\r\n            color: white;\r\n            padding: 40px;\r\n            margin-top: 50px;\r\n            border-radius: 8px;\r\n        }\r\n\r\n        .btn {\r\n            background-color: var(--primary-green);\r\n            color: white;\r\n            padding: 15px 40px;\r\n            text-decoration: none;\r\n            border-radius: 50px;\r\n            font-weight: bold;\r\n            display: inline-block;\r\n            margin-top: 20px;\r\n            transition: 0.3s;\r\n            text-transform: uppercase;\r\n        }\r\n\r\n        .btn:hover {\r\n            background-color: #76a035;\r\n            transform: scale(1.05);\r\n        }\r\n\r\n        @media (max-width: 768px) {\r\n            h1 { font-size: 1.8rem; }\r\n            .container { padding: 20px; }\r\n        }\r\n    <\/style>\r\n<\/head>\r\n<body>\r\n\r\n<div class=\"container\">\r\n    <header>\r\n        <h1>Mavi Bir R\u00fcyan\u0131n Kahraman\u0131 Olmak: T\u00fcrkiye&#39;de \u00d6zel Yat Kiralama Rehberi<\/h1>\r\n        <p class=\"subtitle\">Sanda Yachting&#39;in 30 y\u0131ll\u0131k m\u00fckemmelli\u011fiyle Turkuaz Sahili&#39;ni deneyimleyin.<\/p>\r\n    <\/header>\r\n\r\n    <section>\r\n        <p>Denizle ba\u011flant\u0131 kurmak sadece bir tatilden ibaret de\u011fil; do\u011fan\u0131n kalbine do\u011fru derin bir yolculuktur. Modern d\u00fcnyan\u0131n g\u00fcr\u00fclt\u00fcs\u00fcn\u00fc marinada geride b\u0131rakarak, <strong>T\u00fcrkiye&#39;de Mavi Yolculuk<\/strong> \u00d6zg\u00fcrl\u00fck ve l\u00fcks\u00fcn e\u015fsiz bir kar\u0131\u015f\u0131m\u0131n\u0131 sunar. Demir att\u0131\u011f\u0131n\u0131z andan itibaren... <strong>Sanda Yat\u00e7\u0131l\u0131k<\/strong>Lisansl\u0131 A S\u0131n\u0131f\u0131 Tur Operat\u00f6r\u00fc olarak, zaman\u0131n ritmi de\u011fi\u015fiyor.<\/p>\r\n        \r\n        <h2>Marmaris&#39;te \u00d6zel Yat Kiralamay\u0131 Neden Tercih Etmelisiniz?<\/h2>\r\n        <p>Marmaris, T\u00fcrk Rivieras\u0131&#39;n\u0131n incisi olup Ege ve Akdeniz&#39;e a\u00e7\u0131lan m\u00fckemmel bir kap\u0131d\u0131r. Standart bir otel konaklamas\u0131 yerine \u00f6zel bir yat kiralamay\u0131 tercih etmek, her sabah farkl\u0131, tenha bir koyda uyanman\u0131za olanak tan\u0131r. <strong>Sanda Yachting&#39;in 1994&#39;ten beri s\u00fcregelen miras\u0131<\/strong>Biz sadece bir tekne sunmuyoruz; otuz y\u0131ll\u0131k yerel uzmanl\u0131\u011f\u0131m\u0131zla desteklenen, \u00f6zenle haz\u0131rlanm\u0131\u015f bir denizcilik deneyimi sunuyoruz.<\/p>\r\n\r\n        \r\n\r\n        <h2>Unutulmaz Rotalar: Marmaris&#39;ten Fethiye ve G\u00f6cek&#39;e<\/h2>\r\n        <p>Kaptan\u0131m\u0131z rotay\u0131 g\u00fcneye do\u011fru \u00e7evirirken, kar\u015f\u0131la\u015ft\u0131\u011f\u0131n\u0131z her koy do\u011fan\u0131n bir \u015faheseri. G\u00fczergahlar\u0131m\u0131z sadece haritadaki yollar de\u011fil; istekleriniz do\u011frultusunda tasarlanm\u0131\u015f \u00f6zel yolculuklard\u0131r.<\/p>\r\n        <ul>\r\n            <li><strong>G\u00f6cek Adalar\u0131:<\/strong> Kristal berrakl\u0131\u011f\u0131ndaki sular\u0131 ve d\u00fcnyaca \u00fcnl\u00fc 12 adas\u0131yla denizcilerin cenneti.<\/li>\r\n            <li><strong>Kleopatra Hamam\u0131:<\/strong> Tarihin denizle bulu\u015ftu\u011fu antik su alt\u0131 kal\u0131nt\u0131lar\u0131 aras\u0131nda y\u00fcz\u00fcn.<\/li>\r\n            <li><strong>Ekincik Koyu:<\/strong> Do\u011fa severler ve Kaunos antik kentini ke\u015ffetmek isteyenler i\u00e7in m\u00fckemmel bir yer.<\/li>\r\n        <\/ul>\r\n\r\n        <div class=\"highlight-box\">\r\n            <strong>Kaptan&#39;\u0131n Uzman Tavsiyesi:<\/strong> &quot;T\u00fcrkiye&#39;de Mavi Yolculuk i\u00e7in en uygun zaman May\u0131s ve Ekim aylar\u0131 aras\u0131d\u0131r. Mutlak huzur arayanlar i\u00e7in ise Eyl\u00fcl ay\u0131ndaki &#39;Sar\u0131yaz&#39; d\u00f6nemi, yelken a\u00e7mak i\u00e7in m\u00fckemmel olan \u0131l\u0131k sular ve hafif bir esinti sunar.&quot;\r\n        <\/div>\r\n\r\n        <h2>Gemide Ya\u015fam: L\u00fcks Teknik M\u00fckemmellikle Bulu\u015fuyor<\/h2>\r\n        <p>Gemilerimizde geleneksel T\u00fcrk gulet i\u015f\u00e7ili\u011fi modern m\u00fchendislikle bulu\u015fuyor. Konforun teknik g\u00fcvenilirli\u011fe ba\u011fl\u0131 oldu\u011funu biliyoruz. Bu nedenle filomuz y\u00fcksek performansl\u0131 motorlarla donat\u0131lm\u0131\u015ft\u0131r. <strong>Doosan motorlar\u0131<\/strong> ve taraf\u0131ndan desteklenmektedir <strong>27 kW Cummins jenerat\u00f6rleri<\/strong>Bu sayede yolculu\u011funuz boyunca 220V g\u00fc\u00e7 kayna\u011f\u0131na sahip olman\u0131z ve sorunsuz bir deneyim ya\u015faman\u0131z sa\u011flan\u0131r.<\/p>\r\n        \r\n        <h3>Denizde Gastronomi: Yolculu\u011funuz \u0130\u00e7in \u00d6zel Bir \u015eef<\/h3>\r\n        <p>Gemide yemek yemek bir sanatt\u0131r. Profesyonel gemi a\u015f\u00e7\u0131lar\u0131m\u0131z, bizim sundu\u011fumuz olanaklar\u0131 kullanarak lezzetlerini en iyi \u015fekilde de\u011ferlendirirler. <strong>tam donan\u0131ml\u0131 mutfaklar<\/strong>\u2014\u0131zgara, f\u0131r\u0131nlar ve buz makineleriyle donat\u0131lm\u0131\u015f\u2014 \u00f6zel Akdeniz men\u00fcleri haz\u0131rlan\u0131yor. \u0130ster g\u00fcn i\u00e7inde yakalanm\u0131\u015f taze deniz \u00fcr\u00fcnleri olsun, ister yerel Ege mezeleri, her yemek muhte\u015fem bir g\u00fcn bat\u0131m\u0131 manzaras\u0131 e\u015fli\u011finde servis ediliyor.<\/p>\r\n\r\n        <h3>Bo\u015f Zaman ve Macera<\/h3>\r\n        <p>Aktif ruhlar i\u00e7in deniz, oyun alan\u0131n\u0131zd\u0131r. Her Sanda Yachting yat kiralama hizmeti a\u015fa\u011f\u0131daki \u00f6zelliklerle donat\u0131lm\u0131\u015ft\u0131r: <strong>\u015fnorkelli y\u00fczme ekipman\u0131 ve bir deniz kanosu<\/strong>Turkuaz sular\u0131yla kapl\u0131 gizli bir koyda k\u00fcrek \u00e7ekmeyi ve ard\u0131ndan g\u00fcverteye d\u00f6nerek gemideki bardan serinletici bir i\u00e7ecek almay\u0131 hayal edin.<\/p>\r\n\r\n        <h2>Profesyonel Ekip ve VIP A\u011f\u0131rlama<\/h2>\r\n        <p>Sanda Yachting deneyimini ger\u00e7ekten farkl\u0131 k\u0131lan \u015fey, bizim... <strong>Profesyonel Ekip<\/strong>T\u00fcm turlar\u0131m\u0131zda, deneyimli Kaptan\u0131m\u0131z ve Yard\u0131mc\u0131m\u0131z her zaman g\u00fcvenli\u011finizi ve konforunuzu sa\u011flar. Yasal k\u0131y\u0131 g\u00fcvenli\u011fi d\u00fczenlemelerinin uygulanmas\u0131ndan, g\u00fcverte havlular\u0131 ve \u015fezlong hizmetinin sa\u011flanmas\u0131na kadar, ekibimiz en y\u00fcksek misafirperverlik standartlar\u0131na kendini adam\u0131\u015ft\u0131r.<\/p>\r\n\r\n        <h2>Mavi R\u00fcyan\u0131z\u0131 G\u00fcvenle Rezervasyon Yap\u0131n<\/h2>\r\n        <p>\u00dcyeleri olarak <strong>T\u00dcRSAB, TYBA ve Gemi \u0130n\u015fa Odas\u0131<\/strong>Tamamen yasal \u015feffafl\u0131kla faaliyet g\u00f6steriyoruz. 50% depozitosu ve 7 g\u00fcnl\u00fck iptal s\u00fcresiyle esnek bir rezervasyon politikas\u0131 sunarak, hayalinizdeki tatili planlarken size g\u00f6n\u00fcl rahatl\u0131\u011f\u0131 sa\u011fl\u0131yoruz.<\/p>\r\n    <\/section>\r\n\r\n    <div class=\"footer-cta\">\r\n        <h3>Hayalinizdeki Mavi Yolculu\u011fu planlamaya haz\u0131r m\u0131s\u0131n\u0131z?<\/h3>\r\n        <p>Ki\u015fiye \u00f6zel bir seyahat program\u0131 ve 2026 sezonu i\u00e7in \u00f6zel fiyat teklifi almak \u00fczere uzman tur planlay\u0131c\u0131lar\u0131m\u0131zla bug\u00fcn ileti\u015fime ge\u00e7in.<\/p>\r\n        <a href=\"https:\/\/sandayachting.com\/tr\/contact\/\" class=\"btn\">\u015eimdi Teklif Al\u0131n<\/a>\r\n    <\/div>\r\n\r\n    <div class=\"seo-keywords\">\r\n        <span>#BlueCruiseTurkey<\/span> <span>#YachtCharterMarmaris<\/span> <span>#GuletRentalTurkey<\/span> <span>#L\u00fcksYatTatilleri<\/span> <span>#SandaYachting<\/span> <span>#MaviYolculuk<\/span>\r\n    <\/div>\r\n<\/div>\r\n\r\n<\/body>\r\n<\/html>\t\t\t\t<\/div>\n\t\t\t\t\t<\/div>\n\t\t\t\t<\/div>\n\t\t\t\t<\/div>","protected":false},"excerpt":{"rendered":"<p>Blue Cruise Turkey: The Ultimate Guide | Sanda Yachting Blog Becoming the Hero of a Blue Dream: A Guide to Private Yacht Charter in Turkey Experience the Turquoise Coast with Sanda Yachting&#8217;s 30 Years of Excellence A connection with the sea is more than just a holiday; it is a profound journey into the heart [&hellip;]<\/p>","protected":false},"author":1,"featured_media":0,"parent":0,"menu_order":0,"comment_status":"closed","ping_status":"closed","template":"","meta":{"_jf_save_progress":"","_jf_schedule_form":"","_jf_limit_responses":"","footnotes":""},"class_list":["post-79","page","type-page","status-publish","hentry"],"_hostinger_reach_plugin_has_subscription_block":false,"_hostinger_reach_plugin_is_elementor":false,"_links":{"self":[{"href":"https:\/\/sandayachting.com\/tr\/wp-json\/wp\/v2\/pages\/79","targetHints":{"allow":["GET"]}}],"collection":[{"href":"https:\/\/sandayachting.com\/tr\/wp-json\/wp\/v2\/pages"}],"about":[{"href":"https:\/\/sandayachting.com\/tr\/wp-json\/wp\/v2\/types\/page"}],"author":[{"embeddable":true,"href":"https:\/\/sandayachting.com\/tr\/wp-json\/wp\/v2\/users\/1"}],"replies":[{"embeddable":true,"href":"https:\/\/sandayachting.com\/tr\/wp-json\/wp\/v2\/comments?post=79"}],"version-history":[{"count":0,"href":"https:\/\/sandayachting.com\/tr\/wp-json\/wp\/v2\/pages\/79\/revisions"}],"wp:attachment":[{"href":"https:\/\/sandayachting.com\/tr\/wp-json\/wp\/v2\/media?parent=79"}],"curies":[{"name":"wp","href":"https:\/\/api.w.org\/{rel}","templated":true}]}}