{"id":99,"date":"2026-01-26T23:26:23","date_gmt":"2026-01-26T20:26:23","guid":{"rendered":"https:\/\/sandayachting.com\/?page_id=99"},"modified":"2026-02-02T23:01:05","modified_gmt":"2026-02-02T20:01:05","slug":"booking-terms-conditions","status":"publish","type":"page","link":"https:\/\/sandayachting.com\/tr\/booking-terms-conditions\/","title":{"rendered":"Rezervasyon \u015eartlar\u0131"},"content":{"rendered":"<div data-elementor-type=\"wp-page\" data-elementor-id=\"99\" class=\"elementor elementor-99\" data-elementor-post-type=\"page\">\n\t\t\t\t<div class=\"elementor-element elementor-element-0bf3775 e-flex e-con-boxed e-con e-parent\" data-id=\"0bf3775\" data-element_type=\"container\" data-e-type=\"container\" data-settings=\"{&quot;jet_parallax_layout_list&quot;:[]}\">\n\t\t\t\t\t<div class=\"e-con-inner\">\n\t\t\t\t<div class=\"elementor-element elementor-element-27b5eac elementor-widget elementor-widget-html\" data-id=\"27b5eac\" data-element_type=\"widget\" data-e-type=\"widget\" data-widget_type=\"html.default\">\n\t\t\t\t\t<!DOCTYPE html>\r\n<html lang=\"en\">\r\n<head>\r\n    <meta charset=\"UTF-8\">\r\n    <meta name=\"viewport\" content=\"width=device-width, initial-scale=1.0\">\r\n    <title>Terms & Conditions | Sanda Yachting<\/title>\r\n    <style>\r\n        :root {\r\n            --primary-purple: #4e435a; \/* Based on footer color *\/\r\n            --accent-green: #89b841;  \/* Based on button color *\/\r\n            --bg-cream: #f9f5e3;      \/* Based on background color *\/\r\n            --text-gray: #4a4a4a;\r\n            --white: #ffffff;\r\n        }\r\n\r\n        body {\r\n            font-family: 'Arial', sans-serif;\r\n            line-height: 1.6;\r\n            color: var(--text-gray);\r\n            background-color: var(--bg-cream);\r\n            margin: 0;\r\n            padding: 0;\r\n        }\r\n\r\n        .legal-container {\r\n            max-width: 1000px;\r\n            margin: 50px auto;\r\n            padding: 60px;\r\n            box-shadow: 0 10px 30px rgba(0,0,0,0.05);\r\n            border-radius: 4px;\r\n        }\r\n\r\n        h1 {\r\n            color: var(--primary-purple);\r\n            font-size: 2.2rem;\r\n            border-bottom: 3px solid var(--accent-green);\r\n            padding-bottom: 15px;\r\n            margin-bottom: 30px;\r\n            letter-spacing: 1px;\r\n        }\r\n\r\n        h2 {\r\n            color: var(--primary-purple);\r\n            font-size: 1.4rem;\r\n            margin-top: 30px;\r\n            border-left: 4px solid var(--accent-green);\r\n            padding-left: 15px;\r\n        }\r\n\r\n        p {\r\n            margin-bottom: 20px;\r\n            text-align: justify;\r\n        }\r\n\r\n        .highlight-address {\r\n            background-color: #f4f1f8;\r\n            padding: 15px;\r\n            border-radius: 4px;\r\n            font-style: italic;\r\n            border: 1px solid #e0dae6;\r\n        }\r\n\r\n        .footer-note {\r\n            margin-top: 50px;\r\n            padding-top: 20px;\r\n            border-top: 1px solid #eee;\r\n            font-size: 0.9rem;\r\n            color: #888;\r\n            text-align: center;\r\n        }\r\n\r\n        @media (max-width: 768px) {\r\n            .legal-container {\r\n                margin: 20px;\r\n                padding: 30px;\r\n            }\r\n        }\r\n    <\/style>\r\n<\/head>\r\n<body>\r\n\r\n<div class=\"legal-container\">\r\n    <h1>\u015eartlar ve Ko\u015fullar<\/h1>\r\n    \r\n    <p>Ho\u015f geldiniz <strong>Sanda Yat\u00e7\u0131l\u0131k<\/strong> web sitesi (\u201cSite\u201d) \u015fu adreste bulunmaktad\u0131r: <a href=\"https:\/\/sandayachting.com\/tr\/\">www.sandayachting.com<\/a>.<\/p>\r\n\r\n    <div class=\"highlight-address\">\r\n        Bu site \u015funlar taraf\u0131ndan i\u015fletilmektedir: <strong>Sanda Yat\u00e7\u0131l\u0131k<\/strong>T\u00fcrkiye&#39;de kay\u0131tl\u0131 olup, kay\u0131tl\u0131 merkezi \u015fu adrestedir: <br>\r\n        41. Cadde No:1, Tepe Mahallesi 48700 Marmaris, Mu\u011fla, T\u00fcrkiye.\r\n    <\/div>\r\n\r\n    <p>Siteye eri\u015ferek ve siteyi kullanarak, bu Kullan\u0131m \u015eartlar\u0131 ve Ko\u015fullar\u0131n\u0131, Gizlilik Politikam\u0131z\u0131 ve sitede yay\u0131nlanan di\u011fer bildirimleri okudu\u011funuzu ve bunlara ba\u011fl\u0131 kalmay\u0131 kabul etti\u011finizi beyan edersiniz. Ayr\u0131ca, bu s\u00f6zle\u015fmeyi imzalamak i\u00e7in yetkinizin ve yetkinli\u011finizin oldu\u011funu garanti edersiniz. Kabul etmiyorsan\u0131z, siteye eri\u015femez veya siteyi kullanamazs\u0131n\u0131z.<\/p>\r\n\r\n    <h2>1. Eri\u015fim ve Kullan\u0131m<\/h2>\r\n    <p>Siteye ve sunulan hizmetlere (filo bilgileri ve rezervasyon sorgular\u0131 gibi) eri\u015fim ge\u00e7ici olarak sa\u011flanmaktad\u0131r. <strong>Sanda Yat\u00e7\u0131l\u0131k<\/strong> Siteyi, tamamen kendi takdirine ba\u011fl\u0131 olarak, herhangi bir zamanda ve \u00f6nceden bildirimde bulunmaks\u0131z\u0131n de\u011fi\u015ftirme, silme veya ask\u0131ya alma hakk\u0131n\u0131 sakl\u0131 tutar. Sa\u011flanan t\u00fcm materyaller yaln\u0131zca ki\u015fisel kullan\u0131m\u0131n\u0131z veya Site ama\u00e7lar\u0131 i\u00e7indir.<\/p>\r\n\r\n    <h2>2. Telif Hakk\u0131 ve Ticari Markalar<\/h2>\r\n    <p>Sayfalar\u0131n, ekranlar\u0131n ve materyallerin d\u00fczenlenmesinin telif hakk\u0131 \u015funlara aittir: <strong>Sanda Yat\u00e7\u0131l\u0131k<\/strong> veya \u00fc\u00e7\u00fcnc\u00fc taraf sahiplerinden al\u0131nan lisans alt\u0131nda kullan\u0131lmaktad\u0131r. Sitede g\u00f6r\u00fcnen di\u011fer t\u00fcm ticari markalar, ilgili sahiplerinin m\u00fclkiyetindedir. \u00d6nceden yaz\u0131l\u0131 izin al\u0131nmaks\u0131z\u0131n Site i\u00e7eri\u011fini kopyalayamaz, de\u011fi\u015ftiremez veya da\u011f\u0131tamazs\u0131n\u0131z.<\/p>\r\n\r\n    <h2>3. Garanti Yoktur<\/h2>\r\n    <p>Yasalar\u0131n izin verdi\u011fi azami \u00f6l\u00e7\u00fcde, Site ve i\u00e7eri\u011fi, fiyatlar, yat m\u00fcsaitli\u011fi, m\u00fcrettebat bilgileri ve foto\u011fraflar dahil olmak \u00fczere, herhangi bir garanti verilmeksizin sunulmaktad\u0131r. <strong>Sanda Yat\u00e7\u0131l\u0131k<\/strong> Site i\u00e7eri\u011finin, \u00fc\u00e7\u00fcnc\u00fc \u015fah\u0131slar taraf\u0131ndan veya ba\u015fka \u015fekilde sa\u011flanan bilgilerin do\u011frulu\u011funu veya eksiksizli\u011fini garanti etmez.<\/p>\r\n\r\n    <h2>4. Sorumluluktan Muafiyet<\/h2>\r\n    <p>Kanunlar\u0131n izin verdi\u011fi azami \u00f6l\u00e7\u00fcde, <strong>Sanda Yat\u00e7\u0131l\u0131k<\/strong> Site kullan\u0131m\u0131ndan, sitedeki bilgilere g\u00fcvenilmesinden veya herhangi bir taraf\u0131n site hizmetlerini kullanamamas\u0131ndan kaynaklanan her t\u00fcrl\u00fc zarar, kay\u0131p veya masraftan dolay\u0131 herhangi bir sorumluluk kabul etmedi\u011fini a\u00e7\u0131k\u00e7a belirtir.<\/p>\r\n\r\n    <h2>5. \u00dc\u00e7\u00fcnc\u00fc Taraf Ba\u011flant\u0131lar\u0131<\/h2>\r\n    <p>Bu site, \u00fc\u00e7\u00fcnc\u00fc taraf web sitelerine ba\u011flant\u0131lar i\u00e7erebilir. <strong>Sanda Yat\u00e7\u0131l\u0131k<\/strong> Ba\u011flant\u0131 verilen sitelerin i\u00e7eri\u011finden sorumlu de\u011filiz. Ziyaret etti\u011finiz di\u011fer sitelerin \u015fart ve ko\u015fullar\u0131n\u0131 kontrol etmek sizin sorumlulu\u011funuzdad\u0131r. Bu ba\u011flant\u0131lar\u0131 kullanmak tamamen kendi sorumlulu\u011funuzdad\u0131r.<\/p>\r\n\r\n    <h2>6. Uygulanacak Hukuk ve Yarg\u0131 Yetkisi<\/h2>\r\n    <p>Bu site, taraf\u0131ndan kontrol edilmekte ve i\u015fletilmektedir. <strong>Sanda Yat\u00e7\u0131l\u0131k<\/strong> T\u00fcrkiye&#39;deki ofislerimizden hizmet vermekteyiz. Siteye eri\u015fiminizden veya kullan\u0131m\u0131n\u0131zdan kaynaklanan veya bunlarla ilgili t\u00fcm talepler, T\u00fcrkiye yasalar\u0131na g\u00f6re y\u00f6netilecektir. <strong>T\u00fcrkiye Cumhuriyeti<\/strong>Ayr\u0131ca, T\u00fcrk mahkemelerinin m\u00fcnhas\u0131r yarg\u0131 yetkisine tabi olmay\u0131 kabul edersiniz.<\/p>\r\n\r\n    <div class=\"footer-note\">\r\n        Bu \u015fartlarla ilgili herhangi bir sorunuz i\u00e7in l\u00fctfen bizimle \u015fu adresten ileti\u015fime ge\u00e7in: <strong>info@sandayachting.com<\/strong>\r\n    <\/div>\r\n<\/div>\r\n\r\n<\/body>\r\n<\/html>\t\t\t\t<\/div>\n\t\t\t\t\t<\/div>\n\t\t\t\t<\/div>\n\t\t\t\t<\/div>","protected":false},"excerpt":{"rendered":"<p>Terms &#038; Conditions | Sanda Yachting Terms &#038; Conditions Welcome to Sanda Yachting website (\u201cSite\u201d) located at www.sandayachting.com. The Site is operated by Sanda Yachting, registered in Turkey with its registered office at: 41st Street No:1, Tepe District 48700 Marmaris, Mugla, Turkey. By accessing and using the Site, you acknowledge that you have read and [&hellip;]<\/p>","protected":false},"author":1,"featured_media":0,"parent":0,"menu_order":0,"comment_status":"closed","ping_status":"closed","template":"","meta":{"_jf_save_progress":"","_jf_schedule_form":"","_jf_limit_responses":"","footnotes":""},"class_list":["post-99","page","type-page","status-publish","hentry"],"_hostinger_reach_plugin_has_subscription_block":false,"_hostinger_reach_plugin_is_elementor":false,"_links":{"self":[{"href":"https:\/\/sandayachting.com\/tr\/wp-json\/wp\/v2\/pages\/99","targetHints":{"allow":["GET"]}}],"collection":[{"href":"https:\/\/sandayachting.com\/tr\/wp-json\/wp\/v2\/pages"}],"about":[{"href":"https:\/\/sandayachting.com\/tr\/wp-json\/wp\/v2\/types\/page"}],"author":[{"embeddable":true,"href":"https:\/\/sandayachting.com\/tr\/wp-json\/wp\/v2\/users\/1"}],"replies":[{"embeddable":true,"href":"https:\/\/sandayachting.com\/tr\/wp-json\/wp\/v2\/comments?post=99"}],"version-history":[{"count":0,"href":"https:\/\/sandayachting.com\/tr\/wp-json\/wp\/v2\/pages\/99\/revisions"}],"wp:attachment":[{"href":"https:\/\/sandayachting.com\/tr\/wp-json\/wp\/v2\/media?parent=99"}],"curies":[{"name":"wp","href":"https:\/\/api.w.org\/{rel}","templated":true}]}}